{"id":1380,"date":"2023-06-13T16:59:33","date_gmt":"2023-06-13T19:59:33","guid":{"rendered":"https:\/\/ferrex.cl\/?post_type=product&#038;p=1380"},"modified":"2023-10-02T16:22:44","modified_gmt":"2023-10-02T19:22:44","slug":"ventana-pvc-blanca-1950x2000","status":"publish","type":"product","link":"https:\/\/ferrex.cl\/index.php\/producto\/ventana-pvc-blanca-1950x2000\/","title":{"rendered":"Ventana Corredera Aluminio Color Madera de 100cm x 100cm"},"content":{"rendered":"","protected":false},"excerpt":{"rendered":"<p>Ventana de Aluminio Linea 25 con dos hojas m\u00f3viles. Termopanel fabricado por VetroSystems S.A. Calidad Certificada, que asegura una excelente aislaci\u00f3n t\u00e9rmica y eficiencia energ\u00e9tica. Cuenta con cuatro carros regulables marca Mendavia para un suave deslizamiento. Canal para evacuaci\u00f3n de aguas lluvias y condensaci\u00f3n<\/p>\n","protected":false},"featured_media":1588,"template":"","meta":{"_acf_changed":false,"site-sidebar-layout":"default","site-content-layout":"default","ast-site-content-layout":"","site-content-style":"default","site-sidebar-style":"default","ast-global-header-display":"","ast-banner-title-visibility":"","ast-main-header-display":"","ast-hfb-above-header-display":"","ast-hfb-below-header-display":"","ast-hfb-mobile-header-display":"","site-post-title":"","ast-breadcrumbs-content":"","ast-featured-img":"","footer-sml-layout":"","theme-transparent-header-meta":"default","adv-header-id-meta":"","stick-header-meta":"","header-above-stick-meta":"","header-main-stick-meta":"","header-below-stick-meta":"","astra-migrate-meta-layouts":"default","ast-page-background-enabled":"default","ast-page-background-meta":{"desktop":{"background-color":"var(--ast-global-color-4)","background-image":"","background-repeat":"repeat","background-position":"center center","background-size":"auto","background-attachment":"scroll","background-type":"","background-media":"","overlay-type":"","overlay-color":"","overlay-gradient":""},"tablet":{"background-color":"","background-image":"","background-repeat":"repeat","background-position":"center center","background-size":"auto","background-attachment":"scroll","background-type":"","background-media":"","overlay-type":"","overlay-color":"","overlay-gradient":""},"mobile":{"background-color":"","background-image":"","background-repeat":"repeat","background-position":"center center","background-size":"auto","background-attachment":"scroll","background-type":"","background-media":"","overlay-type":"","overlay-color":"","overlay-gradient":""}},"ast-content-background-meta":{"desktop":{"background-color":"var(--ast-global-color-5)","background-image":"","background-repeat":"repeat","background-position":"center center","background-size":"auto","background-attachment":"scroll","background-type":"","background-media":"","overlay-type":"","overlay-color":"","overlay-gradient":""},"tablet":{"background-color":"var(--ast-global-color-5)","background-image":"","background-repeat":"repeat","background-position":"center center","background-size":"auto","background-attachment":"scroll","background-type":"","background-media":"","overlay-type":"","overlay-color":"","overlay-gradient":""},"mobile":{"background-color":"var(--ast-global-color-5)","background-image":"","background-repeat":"repeat","background-position":"center center","background-size":"auto","background-attachment":"scroll","background-type":"","background-media":"","overlay-type":"","overlay-color":"","overlay-gradient":""}}},"product_brand":[],"product_cat":[29],"product_tag":[],"class_list":{"0":"post-1380","1":"product","2":"type-product","3":"status-publish","4":"has-post-thumbnail","6":"product_cat-aluminio","7":"desktop-align-left","8":"tablet-align-left","9":"mobile-align-left","11":"first","12":"instock","13":"shipping-taxable","14":"purchasable","15":"product-type-simple"},"acf":[],"_links":{"self":[{"href":"https:\/\/ferrex.cl\/index.php\/wp-json\/wp\/v2\/product\/1380","targetHints":{"allow":["GET"]}}],"collection":[{"href":"https:\/\/ferrex.cl\/index.php\/wp-json\/wp\/v2\/product"}],"about":[{"href":"https:\/\/ferrex.cl\/index.php\/wp-json\/wp\/v2\/types\/product"}],"version-history":[{"count":4,"href":"https:\/\/ferrex.cl\/index.php\/wp-json\/wp\/v2\/product\/1380\/revisions"}],"predecessor-version":[{"id":1601,"href":"https:\/\/ferrex.cl\/index.php\/wp-json\/wp\/v2\/product\/1380\/revisions\/1601"}],"wp:featuredmedia":[{"embeddable":true,"href":"https:\/\/ferrex.cl\/index.php\/wp-json\/wp\/v2\/media\/1588"}],"wp:attachment":[{"href":"https:\/\/ferrex.cl\/index.php\/wp-json\/wp\/v2\/media?parent=1380"}],"wp:term":[{"taxonomy":"product_brand","embeddable":true,"href":"https:\/\/ferrex.cl\/index.php\/wp-json\/wp\/v2\/product_brand?post=1380"},{"taxonomy":"product_cat","embeddable":true,"href":"https:\/\/ferrex.cl\/index.php\/wp-json\/wp\/v2\/product_cat?post=1380"},{"taxonomy":"product_tag","embeddable":true,"href":"https:\/\/ferrex.cl\/index.php\/wp-json\/wp\/v2\/product_tag?post=1380"}],"curies":[{"name":"wp","href":"https:\/\/api.w.org\/{rel}","templated":true}]}}