{"id":577,"date":"2022-05-12T12:19:56","date_gmt":"2022-05-12T15:19:56","guid":{"rendered":"https:\/\/ferrex.cl\/?page_id=577"},"modified":"2022-09-05T10:55:43","modified_gmt":"2022-09-05T13:55:43","slug":"aluminio","status":"publish","type":"page","link":"https:\/\/ferrex.cl\/index.php\/aluminio\/","title":{"rendered":"Aluminio"},"content":{"rendered":"\t\t<div data-elementor-type=\"wp-page\" data-elementor-id=\"577\" class=\"elementor elementor-577\" data-elementor-post-type=\"page\">\n\t\t\t\t\t\t<section data-dce-background-image-url=\"https:\/\/ferrex.cl\/wp-content\/uploads\/2022\/03\/Fondo-Ferrex.jpg\" class=\"elementor-section elementor-top-section elementor-element elementor-element-35181de elementor-section-boxed elementor-section-height-default elementor-section-height-default\" data-id=\"35181de\" data-element_type=\"section\" data-settings=\"{&quot;background_background&quot;:&quot;classic&quot;}\">\n\t\t\t\t\t\t\t<div class=\"elementor-background-overlay\"><\/div>\n\t\t\t\t\t\t\t<div class=\"elementor-container elementor-column-gap-default\">\n\t\t\t\t\t<div class=\"elementor-column elementor-col-100 elementor-top-column elementor-element elementor-element-a97cac7\" data-id=\"a97cac7\" data-element_type=\"column\">\n\t\t\t<div class=\"elementor-widget-wrap elementor-element-populated\">\n\t\t\t\t\t\t<div class=\"elementor-element elementor-element-6d536eb elementor-widget elementor-widget-spacer\" data-id=\"6d536eb\" data-element_type=\"widget\" data-widget_type=\"spacer.default\">\n\t\t\t\t<div class=\"elementor-widget-container\">\n\t\t\t\t\t<div class=\"elementor-spacer\">\n\t\t\t<div class=\"elementor-spacer-inner\"><\/div>\n\t\t<\/div>\n\t\t\t\t<\/div>\n\t\t\t\t<\/div>\n\t\t\t\t<div class=\"elementor-element elementor-element-7b4e471 elementor-widget elementor-widget-heading\" data-id=\"7b4e471\" data-element_type=\"widget\" data-widget_type=\"heading.default\">\n\t\t\t\t<div class=\"elementor-widget-container\">\n\t\t\t<h2 class=\"elementor-heading-title elementor-size-default\">Aluminios<\/h2>\t\t<\/div>\n\t\t\t\t<\/div>\n\t\t\t\t\t<\/div>\n\t\t<\/div>\n\t\t\t\t\t<\/div>\n\t\t<\/section>\n\t\t\t\t<section data-dce-background-color=\"#000000\" class=\"elementor-section elementor-top-section elementor-element elementor-element-ba3fbeb elementor-section-boxed elementor-section-height-default elementor-section-height-default\" data-id=\"ba3fbeb\" data-element_type=\"section\" data-settings=\"{&quot;background_background&quot;:&quot;classic&quot;}\">\n\t\t\t\t\t\t<div class=\"elementor-container elementor-column-gap-default\">\n\t\t\t\t\t<div class=\"elementor-column elementor-col-33 elementor-top-column elementor-element elementor-element-0303408\" data-id=\"0303408\" data-element_type=\"column\">\n\t\t\t<div class=\"elementor-widget-wrap elementor-element-populated\">\n\t\t\t\t\t\t<div class=\"elementor-element elementor-element-e6e8f06 elementor-widget elementor-widget-heading\" data-id=\"e6e8f06\" data-element_type=\"widget\" data-widget_type=\"heading.default\">\n\t\t\t\t<div class=\"elementor-widget-container\">\n\t\t\t<h2 class=\"elementor-heading-title elementor-size-default\">Ahora puedes realizar tu pago seguro con <b>WEBPAY.CL<\/b> desde nuestro sitio web<\/h2>\t\t<\/div>\n\t\t\t\t<\/div>\n\t\t\t\t\t<\/div>\n\t\t<\/div>\n\t\t\t\t<div class=\"elementor-column elementor-col-33 elementor-top-column elementor-element elementor-element-c933eed\" data-id=\"c933eed\" data-element_type=\"column\">\n\t\t\t<div class=\"elementor-widget-wrap elementor-element-populated\">\n\t\t\t\t\t\t<section data-dce-background-color=\"#FFFFFF\" class=\"elementor-section elementor-inner-section elementor-element elementor-element-1456ab3 elementor-section-boxed elementor-section-height-default elementor-section-height-default\" data-id=\"1456ab3\" data-element_type=\"section\" data-settings=\"{&quot;background_background&quot;:&quot;classic&quot;}\">\n\t\t\t\t\t\t<div class=\"elementor-container elementor-column-gap-default\">\n\t\t\t\t\t<div class=\"elementor-column elementor-col-100 elementor-inner-column elementor-element elementor-element-ad8aeca\" data-id=\"ad8aeca\" data-element_type=\"column\">\n\t\t\t<div class=\"elementor-widget-wrap elementor-element-populated\">\n\t\t\t\t\t\t<div class=\"elementor-element elementor-element-1b3bb03 dce_masking-none elementor-widget elementor-widget-image\" data-id=\"1b3bb03\" data-element_type=\"widget\" data-widget_type=\"image.default\">\n\t\t\t\t<div class=\"elementor-widget-container\">\n\t\t\t\t\t\t\t\t\t\t\t\t\t<img fetchpriority=\"high\" decoding=\"async\" width=\"813\" height=\"236\" src=\"https:\/\/ferrex.cl\/wp-content\/uploads\/2022\/03\/logo-webpay-cl-n.png\" class=\"attachment-large size-large wp-image-381\" alt=\"\" srcset=\"https:\/\/ferrex.cl\/wp-content\/uploads\/2022\/03\/logo-webpay-cl-n.png 813w, https:\/\/ferrex.cl\/wp-content\/uploads\/2022\/03\/logo-webpay-cl-n-500x145.png 500w, https:\/\/ferrex.cl\/wp-content\/uploads\/2022\/03\/logo-webpay-cl-n-300x87.png 300w, https:\/\/ferrex.cl\/wp-content\/uploads\/2022\/03\/logo-webpay-cl-n-768x223.png 768w\" sizes=\"(max-width: 813px) 100vw, 813px\" \/>\t\t\t\t\t\t\t\t\t\t\t\t\t<\/div>\n\t\t\t\t<\/div>\n\t\t\t\t\t<\/div>\n\t\t<\/div>\n\t\t\t\t\t<\/div>\n\t\t<\/section>\n\t\t\t\t\t<\/div>\n\t\t<\/div>\n\t\t\t\t<div class=\"elementor-column elementor-col-33 elementor-top-column elementor-element elementor-element-9b541c2\" data-id=\"9b541c2\" data-element_type=\"column\">\n\t\t\t<div class=\"elementor-widget-wrap elementor-element-populated\">\n\t\t\t\t\t\t<div class=\"elementor-element elementor-element-9ad2ce2 elementor-align-center elementor-widget elementor-widget-button\" data-id=\"9ad2ce2\" data-element_type=\"widget\" data-widget_type=\"button.default\">\n\t\t\t\t<div class=\"elementor-widget-container\">\n\t\t\t\t\t\t\t<div class=\"elementor-button-wrapper\">\n\t\t\t\t\t<a class=\"elementor-button elementor-button-link elementor-size-sm\" href=\"https:\/\/www.webpay.cl\/portalpagodirecto\/pages\/institucion.jsf?idEstablecimiento=99133282&#038;utm_source=transbank&#038;utm_medium=portal3.0&#038;utm_campaign=link_portal\">\n\t\t\t\t\t\t<span class=\"elementor-button-content-wrapper\">\n\t\t\t\t\t\t\t\t\t<span class=\"elementor-button-text\">Pago en Linea<\/span>\n\t\t\t\t\t<\/span>\n\t\t\t\t\t<\/a>\n\t\t\t\t<\/div>\n\t\t\t\t\t\t<\/div>\n\t\t\t\t<\/div>\n\t\t\t\t\t<\/div>\n\t\t<\/div>\n\t\t\t\t\t<\/div>\n\t\t<\/section>\n\t\t\t\t<section class=\"elementor-section elementor-top-section elementor-element elementor-element-a1e55a0 elementor-section-boxed elementor-section-height-default elementor-section-height-default\" data-id=\"a1e55a0\" data-element_type=\"section\">\n\t\t\t\t\t\t<div class=\"elementor-container elementor-column-gap-default\">\n\t\t\t\t\t<div class=\"elementor-column elementor-col-50 elementor-top-column elementor-element elementor-element-2c6ae13\" data-id=\"2c6ae13\" data-element_type=\"column\">\n\t\t\t<div class=\"elementor-widget-wrap elementor-element-populated\">\n\t\t\t\t\t\t<div class=\"elementor-element elementor-element-921637f dce_masking-none elementor-widget elementor-widget-image\" data-id=\"921637f\" data-element_type=\"widget\" data-widget_type=\"image.default\">\n\t\t\t\t<div class=\"elementor-widget-container\">\n\t\t\t\t\t\t\t\t\t\t\t\t\t<img decoding=\"async\" width=\"1024\" height=\"1024\" src=\"https:\/\/ferrex.cl\/wp-content\/uploads\/2022\/07\/Aluminio-1024x1024.jpg\" class=\"attachment-large size-large wp-image-977\" alt=\"\" srcset=\"https:\/\/ferrex.cl\/wp-content\/uploads\/2022\/07\/Aluminio.jpg 1024w, https:\/\/ferrex.cl\/wp-content\/uploads\/2022\/07\/Aluminio-500x500.jpg 500w, https:\/\/ferrex.cl\/wp-content\/uploads\/2022\/07\/Aluminio-100x100.jpg 100w, https:\/\/ferrex.cl\/wp-content\/uploads\/2022\/07\/Aluminio-300x300.jpg 300w, https:\/\/ferrex.cl\/wp-content\/uploads\/2022\/07\/Aluminio-150x150.jpg 150w, https:\/\/ferrex.cl\/wp-content\/uploads\/2022\/07\/Aluminio-768x768.jpg 768w\" sizes=\"(max-width: 1024px) 100vw, 1024px\" \/>\t\t\t\t\t\t\t\t\t\t\t\t\t<\/div>\n\t\t\t\t<\/div>\n\t\t\t\t\t<\/div>\n\t\t<\/div>\n\t\t\t\t<div class=\"elementor-column elementor-col-50 elementor-top-column elementor-element elementor-element-6a69e9b\" data-id=\"6a69e9b\" data-element_type=\"column\">\n\t\t\t<div class=\"elementor-widget-wrap elementor-element-populated\">\n\t\t\t\t\t\t<div class=\"elementor-element elementor-element-ce66701 elementor-widget elementor-widget-heading\" data-id=\"ce66701\" data-element_type=\"widget\" data-widget_type=\"heading.default\">\n\t\t\t\t<div class=\"elementor-widget-container\">\n\t\t\t<h2 class=\"elementor-heading-title elementor-size-default\">Aluminios<\/h2>\t\t<\/div>\n\t\t\t\t<\/div>\n\t\t\t\t<div class=\"elementor-element elementor-element-aba090c elementor-widget elementor-widget-text-editor\" data-id=\"aba090c\" data-element_type=\"widget\" data-widget_type=\"text-editor.default\">\n\t\t\t\t<div class=\"elementor-widget-container\">\n\t\t\t\t\t\t\tEs el material m\u00e1s utilizado en la fabricaci\u00f3n de ventanas, puertas y muros cortina, teniendo alrededor de un 70% de participaci\u00f3n en el mercado nacional. Siendo el aluminio el material m\u00e1s utilizado por los constructores.\n\nEn FERREX S.A. Ofrecemos para nuestro mercado, distintas L\u00edneas de perfiles, siempre disponible es nuestras cuatro sucursales, Santiago, Talca, Concepcion, Temuco. Con la mas alta calidad y respaldo de nuestra trayectoria de 20 a\u00f1os en el Mercado de la construcci\u00f3n.\n\nTenemos distintos tipos de acabados como:\n<ul>\n \t<li>SATINADO<\/li>\n \t<li>TITANEO<\/li>\n \t<li>FOLIO MADERA<\/li>\n \t<li>BLANCO<\/li>\n \t<li>NATURAL<\/li>\n<\/ul>\t\t\t\t\t\t<\/div>\n\t\t\t\t<\/div>\n\t\t\t\t<div class=\"elementor-element elementor-element-e00b18c dce_masking-none elementor-widget elementor-widget-image\" data-id=\"e00b18c\" data-element_type=\"widget\" data-widget_type=\"image.default\">\n\t\t\t\t<div class=\"elementor-widget-container\">\n\t\t\t\t\t\t\t\t\t\t\t\t\t<img decoding=\"async\" width=\"498\" height=\"88\" src=\"https:\/\/ferrex.cl\/wp-content\/uploads\/2022\/09\/Colores-Disponibles1.png\" class=\"attachment-large size-large wp-image-1075\" alt=\"\" srcset=\"https:\/\/ferrex.cl\/wp-content\/uploads\/2022\/09\/Colores-Disponibles1.png 498w, https:\/\/ferrex.cl\/wp-content\/uploads\/2022\/09\/Colores-Disponibles1-300x53.png 300w\" sizes=\"(max-width: 498px) 100vw, 498px\" \/>\t\t\t\t\t\t\t\t\t\t\t\t\t<\/div>\n\t\t\t\t<\/div>\n\t\t\t\t\t<\/div>\n\t\t<\/div>\n\t\t\t\t\t<\/div>\n\t\t<\/section>\n\t\t\t\t<\/div>\n\t\t","protected":false},"excerpt":{"rendered":"<p>Aluminios Ahora puedes realizar tu pago seguro con WEBPAY.CL desde nuestro sitio web Pago en Linea Aluminios Es el material m\u00e1s utilizado en la fabricaci\u00f3n de ventanas, puertas y muros cortina, teniendo alrededor de un 70% de participaci\u00f3n en el mercado nacional. Siendo el aluminio el material m\u00e1s utilizado por los constructores. En FERREX S.A. [&hellip;]<\/p>\n","protected":false},"author":1,"featured_media":0,"parent":0,"menu_order":0,"comment_status":"closed","ping_status":"closed","template":"","meta":{"_acf_changed":false,"site-sidebar-layout":"no-sidebar","site-content-layout":"page-builder","ast-site-content-layout":"","site-content-style":"default","site-sidebar-style":"default","ast-global-header-display":"","ast-banner-title-visibility":"","ast-main-header-display":"","ast-hfb-above-header-display":"","ast-hfb-below-header-display":"","ast-hfb-mobile-header-display":"","site-post-title":"disabled","ast-breadcrumbs-content":"","ast-featured-img":"disabled","footer-sml-layout":"","theme-transparent-header-meta":"","adv-header-id-meta":"","stick-header-meta":"","header-above-stick-meta":"","header-main-stick-meta":"","header-below-stick-meta":"","astra-migrate-meta-layouts":"default","ast-page-background-enabled":"default","ast-page-background-meta":{"desktop":{"background-color":"var(--ast-global-color-4)","background-image":"","background-repeat":"repeat","background-position":"center center","background-size":"auto","background-attachment":"scroll","background-type":"","background-media":"","overlay-type":"","overlay-color":"","overlay-gradient":""},"tablet":{"background-color":"","background-image":"","background-repeat":"repeat","background-position":"center center","background-size":"auto","background-attachment":"scroll","background-type":"","background-media":"","overlay-type":"","overlay-color":"","overlay-gradient":""},"mobile":{"background-color":"","background-image":"","background-repeat":"repeat","background-position":"center center","background-size":"auto","background-attachment":"scroll","background-type":"","background-media":"","overlay-type":"","overlay-color":"","overlay-gradient":""}},"ast-content-background-meta":{"desktop":{"background-color":"var(--ast-global-color-5)","background-image":"","background-repeat":"repeat","background-position":"center center","background-size":"auto","background-attachment":"scroll","background-type":"","background-media":"","overlay-type":"","overlay-color":"","overlay-gradient":""},"tablet":{"background-color":"var(--ast-global-color-5)","background-image":"","background-repeat":"repeat","background-position":"center center","background-size":"auto","background-attachment":"scroll","background-type":"","background-media":"","overlay-type":"","overlay-color":"","overlay-gradient":""},"mobile":{"background-color":"var(--ast-global-color-5)","background-image":"","background-repeat":"repeat","background-position":"center center","background-size":"auto","background-attachment":"scroll","background-type":"","background-media":"","overlay-type":"","overlay-color":"","overlay-gradient":""}},"footnotes":""},"class_list":["post-577","page","type-page","status-publish","hentry"],"acf":[],"_links":{"self":[{"href":"https:\/\/ferrex.cl\/index.php\/wp-json\/wp\/v2\/pages\/577","targetHints":{"allow":["GET"]}}],"collection":[{"href":"https:\/\/ferrex.cl\/index.php\/wp-json\/wp\/v2\/pages"}],"about":[{"href":"https:\/\/ferrex.cl\/index.php\/wp-json\/wp\/v2\/types\/page"}],"author":[{"embeddable":true,"href":"https:\/\/ferrex.cl\/index.php\/wp-json\/wp\/v2\/users\/1"}],"replies":[{"embeddable":true,"href":"https:\/\/ferrex.cl\/index.php\/wp-json\/wp\/v2\/comments?post=577"}],"version-history":[{"count":19,"href":"https:\/\/ferrex.cl\/index.php\/wp-json\/wp\/v2\/pages\/577\/revisions"}],"predecessor-version":[{"id":1078,"href":"https:\/\/ferrex.cl\/index.php\/wp-json\/wp\/v2\/pages\/577\/revisions\/1078"}],"wp:attachment":[{"href":"https:\/\/ferrex.cl\/index.php\/wp-json\/wp\/v2\/media?parent=577"}],"curies":[{"name":"wp","href":"https:\/\/api.w.org\/{rel}","templated":true}]}}