{"id":355,"date":"2022-03-24T11:20:35","date_gmt":"2022-03-24T14:20:35","guid":{"rendered":"https:\/\/ferrex.cl\/?page_id=355"},"modified":"2022-03-24T12:01:46","modified_gmt":"2022-03-24T15:01:46","slug":"blindex-solar","status":"publish","type":"page","link":"https:\/\/ferrex.cl\/index.php\/blindex-solar\/","title":{"rendered":"Blindex Solar"},"content":{"rendered":"\t\t<div data-elementor-type=\"wp-page\" data-elementor-id=\"355\" class=\"elementor elementor-355\" data-elementor-post-type=\"page\">\n\t\t\t\t\t\t<section data-dce-background-overlay-color=\"#00000096\" data-dce-background-image-url=\"https:\/\/ferrex.cl\/wp-content\/uploads\/2022\/03\/solar-control-2.jpg\" class=\"elementor-section elementor-top-section elementor-element elementor-element-918e865 elementor-section-boxed elementor-section-height-default elementor-section-height-default\" data-id=\"918e865\" data-element_type=\"section\" data-settings=\"{&quot;background_background&quot;:&quot;classic&quot;}\">\n\t\t\t\t\t\t\t<div class=\"elementor-background-overlay\"><\/div>\n\t\t\t\t\t\t\t<div class=\"elementor-container elementor-column-gap-default\">\n\t\t\t\t\t<div class=\"elementor-column elementor-col-100 elementor-top-column elementor-element elementor-element-62d3622\" data-id=\"62d3622\" data-element_type=\"column\">\n\t\t\t<div class=\"elementor-widget-wrap elementor-element-populated\">\n\t\t\t\t\t\t<div class=\"elementor-element elementor-element-f9a3585 elementor-widget elementor-widget-spacer\" data-id=\"f9a3585\" data-element_type=\"widget\" data-widget_type=\"spacer.default\">\n\t\t\t\t<div class=\"elementor-widget-container\">\n\t\t\t\t\t<div class=\"elementor-spacer\">\n\t\t\t<div class=\"elementor-spacer-inner\"><\/div>\n\t\t<\/div>\n\t\t\t\t<\/div>\n\t\t\t\t<\/div>\n\t\t\t\t<div class=\"elementor-element elementor-element-ac1bc7d elementor-widget elementor-widget-heading\" data-id=\"ac1bc7d\" data-element_type=\"widget\" data-widget_type=\"heading.default\">\n\t\t\t\t<div class=\"elementor-widget-container\">\n\t\t\t<h2 class=\"elementor-heading-title elementor-size-default\">Blindex Solar<\/h2>\t\t<\/div>\n\t\t\t\t<\/div>\n\t\t\t\t<div class=\"elementor-element elementor-element-83af7bb elementor-widget elementor-widget-heading\" data-id=\"83af7bb\" data-element_type=\"widget\" data-widget_type=\"heading.default\">\n\t\t\t\t<div class=\"elementor-widget-container\">\n\t\t\t<h2 class=\"elementor-heading-title elementor-size-default\">Reduce el paso del calor<\/h2>\t\t<\/div>\n\t\t\t\t<\/div>\n\t\t\t\t\t<\/div>\n\t\t<\/div>\n\t\t\t\t\t<\/div>\n\t\t<\/section>\n\t\t\t\t<section data-dce-background-color=\"#000000\" class=\"elementor-section elementor-top-section elementor-element elementor-element-8df13e3 elementor-section-boxed elementor-section-height-default elementor-section-height-default\" data-id=\"8df13e3\" data-element_type=\"section\" data-settings=\"{&quot;background_background&quot;:&quot;classic&quot;}\">\n\t\t\t\t\t\t<div class=\"elementor-container elementor-column-gap-default\">\n\t\t\t\t\t<div class=\"elementor-column elementor-col-33 elementor-top-column elementor-element elementor-element-0880df2\" data-id=\"0880df2\" data-element_type=\"column\">\n\t\t\t<div class=\"elementor-widget-wrap elementor-element-populated\">\n\t\t\t\t\t\t<div class=\"elementor-element elementor-element-4d75708 elementor-widget elementor-widget-heading\" data-id=\"4d75708\" data-element_type=\"widget\" data-widget_type=\"heading.default\">\n\t\t\t\t<div class=\"elementor-widget-container\">\n\t\t\t<h2 class=\"elementor-heading-title elementor-size-default\">Ahora puedes realizar tu pago seguro con <b>WEBPAY.CL<\/b> desde nuestro sitio web<\/h2>\t\t<\/div>\n\t\t\t\t<\/div>\n\t\t\t\t\t<\/div>\n\t\t<\/div>\n\t\t\t\t<div class=\"elementor-column elementor-col-33 elementor-top-column elementor-element elementor-element-2d13de3\" data-id=\"2d13de3\" data-element_type=\"column\">\n\t\t\t<div class=\"elementor-widget-wrap elementor-element-populated\">\n\t\t\t\t\t\t<section data-dce-background-color=\"#FFFFFF\" class=\"elementor-section elementor-inner-section elementor-element elementor-element-9fd3a77 elementor-section-boxed elementor-section-height-default elementor-section-height-default\" data-id=\"9fd3a77\" data-element_type=\"section\" data-settings=\"{&quot;background_background&quot;:&quot;classic&quot;}\">\n\t\t\t\t\t\t<div class=\"elementor-container elementor-column-gap-default\">\n\t\t\t\t\t<div class=\"elementor-column elementor-col-100 elementor-inner-column elementor-element elementor-element-9ac82bc\" data-id=\"9ac82bc\" data-element_type=\"column\">\n\t\t\t<div class=\"elementor-widget-wrap elementor-element-populated\">\n\t\t\t\t\t\t<div class=\"elementor-element elementor-element-361502d dce_masking-none elementor-widget elementor-widget-image\" data-id=\"361502d\" data-element_type=\"widget\" data-widget_type=\"image.default\">\n\t\t\t\t<div class=\"elementor-widget-container\">\n\t\t\t\t\t\t\t\t\t\t\t\t\t<img fetchpriority=\"high\" decoding=\"async\" width=\"813\" height=\"236\" src=\"https:\/\/ferrex.cl\/wp-content\/uploads\/2022\/03\/logo-webpay-cl-n.png\" class=\"attachment-large size-large wp-image-381\" alt=\"\" srcset=\"https:\/\/ferrex.cl\/wp-content\/uploads\/2022\/03\/logo-webpay-cl-n.png 813w, https:\/\/ferrex.cl\/wp-content\/uploads\/2022\/03\/logo-webpay-cl-n-500x145.png 500w, https:\/\/ferrex.cl\/wp-content\/uploads\/2022\/03\/logo-webpay-cl-n-300x87.png 300w, https:\/\/ferrex.cl\/wp-content\/uploads\/2022\/03\/logo-webpay-cl-n-768x223.png 768w\" sizes=\"(max-width: 813px) 100vw, 813px\" \/>\t\t\t\t\t\t\t\t\t\t\t\t\t<\/div>\n\t\t\t\t<\/div>\n\t\t\t\t\t<\/div>\n\t\t<\/div>\n\t\t\t\t\t<\/div>\n\t\t<\/section>\n\t\t\t\t\t<\/div>\n\t\t<\/div>\n\t\t\t\t<div class=\"elementor-column elementor-col-33 elementor-top-column elementor-element elementor-element-a6c82ec\" data-id=\"a6c82ec\" data-element_type=\"column\">\n\t\t\t<div class=\"elementor-widget-wrap elementor-element-populated\">\n\t\t\t\t\t\t<div class=\"elementor-element elementor-element-2618c04 elementor-align-center elementor-widget elementor-widget-button\" data-id=\"2618c04\" data-element_type=\"widget\" data-widget_type=\"button.default\">\n\t\t\t\t<div class=\"elementor-widget-container\">\n\t\t\t\t\t\t\t<div class=\"elementor-button-wrapper\">\n\t\t\t\t\t<a class=\"elementor-button elementor-button-link elementor-size-sm\" href=\"https:\/\/www.webpay.cl\/portalpagodirecto\/pages\/institucion.jsf?idEstablecimiento=99133282&#038;utm_source=transbank&#038;utm_medium=portal3.0&#038;utm_campaign=link_portal\">\n\t\t\t\t\t\t<span class=\"elementor-button-content-wrapper\">\n\t\t\t\t\t\t\t\t\t<span class=\"elementor-button-text\">Pago en Linea<\/span>\n\t\t\t\t\t<\/span>\n\t\t\t\t\t<\/a>\n\t\t\t\t<\/div>\n\t\t\t\t\t\t<\/div>\n\t\t\t\t<\/div>\n\t\t\t\t\t<\/div>\n\t\t<\/div>\n\t\t\t\t\t<\/div>\n\t\t<\/section>\n\t\t\t\t<section class=\"elementor-section elementor-top-section elementor-element elementor-element-4269ff4 elementor-section-boxed elementor-section-height-default elementor-section-height-default\" data-id=\"4269ff4\" data-element_type=\"section\">\n\t\t\t\t\t\t<div class=\"elementor-container elementor-column-gap-default\">\n\t\t\t\t\t<div class=\"elementor-column elementor-col-50 elementor-top-column elementor-element elementor-element-9f38dd8\" data-id=\"9f38dd8\" data-element_type=\"column\">\n\t\t\t<div class=\"elementor-widget-wrap elementor-element-populated\">\n\t\t\t\t\t\t<div class=\"elementor-element elementor-element-8371c3c dce_masking-none elementor-widget elementor-widget-image\" data-id=\"8371c3c\" data-element_type=\"widget\" data-widget_type=\"image.default\">\n\t\t\t\t<div class=\"elementor-widget-container\">\n\t\t\t\t\t\t\t\t\t\t\t\t\t<img decoding=\"async\" width=\"523\" height=\"321\" src=\"https:\/\/ferrex.cl\/wp-content\/uploads\/2022\/03\/solar-control-logo.jpg\" class=\"attachment-large size-large wp-image-358\" alt=\"\" srcset=\"https:\/\/ferrex.cl\/wp-content\/uploads\/2022\/03\/solar-control-logo.jpg 523w, https:\/\/ferrex.cl\/wp-content\/uploads\/2022\/03\/solar-control-logo-500x307.jpg 500w, https:\/\/ferrex.cl\/wp-content\/uploads\/2022\/03\/solar-control-logo-300x184.jpg 300w\" sizes=\"(max-width: 523px) 100vw, 523px\" \/>\t\t\t\t\t\t\t\t\t\t\t\t\t<\/div>\n\t\t\t\t<\/div>\n\t\t\t\t\t<\/div>\n\t\t<\/div>\n\t\t\t\t<div class=\"elementor-column elementor-col-50 elementor-top-column elementor-element elementor-element-208088a\" data-id=\"208088a\" data-element_type=\"column\">\n\t\t\t<div class=\"elementor-widget-wrap elementor-element-populated\">\n\t\t\t\t\t\t<div class=\"elementor-element elementor-element-7c5b680 elementor-widget elementor-widget-heading\" data-id=\"7c5b680\" data-element_type=\"widget\" data-widget_type=\"heading.default\">\n\t\t\t\t<div class=\"elementor-widget-container\">\n\t\t\t<h3 class=\"elementor-heading-title elementor-size-default\"><b>Termopanel Blindex Solar<\/b> est\u00e1 formado por un cristal de Control Solar y un cristal com\u00fan. <\/h3>\t\t<\/div>\n\t\t\t\t<\/div>\n\t\t\t\t<div class=\"elementor-element elementor-element-04475d1 elementor-widget elementor-widget-text-editor\" data-id=\"04475d1\" data-element_type=\"widget\" data-widget_type=\"text-editor.default\">\n\t\t\t\t<div class=\"elementor-widget-container\">\n\t\t\t\t\t\t\t<p>Termopanel Solar Control es un cristal de \u00faltima generaci\u00f3n que tiene los beneficios de los cristales reflectivos, con un excelente control solar, baja reflexi\u00f3n y alta transmisi\u00f3n de luz visible. Este producto combina control solar y t\u00e9rmico en un solo cristal reduciendo el paso del calor en verano y optimizando la calefacci\u00f3n en invierno. Es ideal para controlar la radiaci\u00f3n solar en las casas sin recurrir a cristales altamente reflectivos.<\/p>\t\t\t\t\t\t<\/div>\n\t\t\t\t<\/div>\n\t\t\t\t\t<\/div>\n\t\t<\/div>\n\t\t\t\t\t<\/div>\n\t\t<\/section>\n\t\t\t\t<section data-dce-background-color=\"#FFFFFF\" class=\"elementor-section elementor-top-section elementor-element elementor-element-0832448 elementor-section-boxed elementor-section-height-default elementor-section-height-default\" data-id=\"0832448\" data-element_type=\"section\" data-settings=\"{&quot;background_background&quot;:&quot;classic&quot;}\">\n\t\t\t\t\t\t<div class=\"elementor-container elementor-column-gap-default\">\n\t\t\t\t\t<div class=\"elementor-column elementor-col-50 elementor-top-column elementor-element elementor-element-1ac1c7e\" data-id=\"1ac1c7e\" data-element_type=\"column\">\n\t\t\t<div class=\"elementor-widget-wrap elementor-element-populated\">\n\t\t\t\t\t\t<div class=\"elementor-element elementor-element-da37db4 elementor-widget elementor-widget-text-editor\" data-id=\"da37db4\" data-element_type=\"widget\" data-widget_type=\"text-editor.default\">\n\t\t\t\t<div class=\"elementor-widget-container\">\n\t\t\t\t\t\t\t<p>Adem\u00e1s, un Termopanel con Control Solar en t\u00e9rminos econ\u00f3micos significa que la cantidad de calefacci\u00f3n requerida para mantener la temperatura es s\u00f3lo la tercera parte del que se requerir\u00eda con un vidrio monol\u00edtico.<\/p><div class=\"div-img-producto pb-20\"><img decoding=\"async\" src=\"https:\/\/ferrex.cl\/wp-content\/uploads\/2022\/03\/solar-control-img-2.png\" \/><\/div><p>\u00a0<\/p>\t\t\t\t\t\t<\/div>\n\t\t\t\t<\/div>\n\t\t\t\t\t<\/div>\n\t\t<\/div>\n\t\t\t\t<div class=\"elementor-column elementor-col-50 elementor-top-column elementor-element elementor-element-47ce863\" data-id=\"47ce863\" data-element_type=\"column\">\n\t\t\t<div class=\"elementor-widget-wrap elementor-element-populated\">\n\t\t\t\t\t\t<div class=\"elementor-element elementor-element-563fc3f dce_masking-none elementor-widget elementor-widget-image\" data-id=\"563fc3f\" data-element_type=\"widget\" data-widget_type=\"image.default\">\n\t\t\t\t<div class=\"elementor-widget-container\">\n\t\t\t\t\t\t\t\t\t\t\t\t\t<img decoding=\"async\" width=\"380\" height=\"264\" src=\"https:\/\/ferrex.cl\/wp-content\/uploads\/2022\/03\/solar-control-img-1.jpg\" class=\"attachment-large size-large wp-image-357\" alt=\"\" srcset=\"https:\/\/ferrex.cl\/wp-content\/uploads\/2022\/03\/solar-control-img-1.jpg 380w, https:\/\/ferrex.cl\/wp-content\/uploads\/2022\/03\/solar-control-img-1-300x208.jpg 300w\" sizes=\"(max-width: 380px) 100vw, 380px\" \/>\t\t\t\t\t\t\t\t\t\t\t\t\t<\/div>\n\t\t\t\t<\/div>\n\t\t\t\t\t<\/div>\n\t\t<\/div>\n\t\t\t\t\t<\/div>\n\t\t<\/section>\n\t\t\t\t<\/div>\n\t\t","protected":false},"excerpt":{"rendered":"<p>Blindex Solar Reduce el paso del calor Ahora puedes realizar tu pago seguro con WEBPAY.CL desde nuestro sitio web Pago en Linea Termopanel Blindex Solar est\u00e1 formado por un cristal de Control Solar y un cristal com\u00fan. Termopanel Solar Control es un cristal de \u00faltima generaci\u00f3n que tiene los beneficios de los cristales reflectivos, con [&hellip;]<\/p>\n","protected":false},"author":1,"featured_media":0,"parent":0,"menu_order":0,"comment_status":"closed","ping_status":"closed","template":"","meta":{"_acf_changed":false,"site-sidebar-layout":"no-sidebar","site-content-layout":"page-builder","ast-site-content-layout":"","site-content-style":"default","site-sidebar-style":"default","ast-global-header-display":"","ast-banner-title-visibility":"","ast-main-header-display":"","ast-hfb-above-header-display":"","ast-hfb-below-header-display":"","ast-hfb-mobile-header-display":"","site-post-title":"disabled","ast-breadcrumbs-content":"","ast-featured-img":"disabled","footer-sml-layout":"","theme-transparent-header-meta":"","adv-header-id-meta":"","stick-header-meta":"","header-above-stick-meta":"","header-main-stick-meta":"","header-below-stick-meta":"","astra-migrate-meta-layouts":"default","ast-page-background-enabled":"default","ast-page-background-meta":{"desktop":{"background-color":"var(--ast-global-color-4)","background-image":"","background-repeat":"repeat","background-position":"center center","background-size":"auto","background-attachment":"scroll","background-type":"","background-media":"","overlay-type":"","overlay-color":"","overlay-gradient":""},"tablet":{"background-color":"","background-image":"","background-repeat":"repeat","background-position":"center center","background-size":"auto","background-attachment":"scroll","background-type":"","background-media":"","overlay-type":"","overlay-color":"","overlay-gradient":""},"mobile":{"background-color":"","background-image":"","background-repeat":"repeat","background-position":"center center","background-size":"auto","background-attachment":"scroll","background-type":"","background-media":"","overlay-type":"","overlay-color":"","overlay-gradient":""}},"ast-content-background-meta":{"desktop":{"background-color":"var(--ast-global-color-5)","background-image":"","background-repeat":"repeat","background-position":"center center","background-size":"auto","background-attachment":"scroll","background-type":"","background-media":"","overlay-type":"","overlay-color":"","overlay-gradient":""},"tablet":{"background-color":"var(--ast-global-color-5)","background-image":"","background-repeat":"repeat","background-position":"center center","background-size":"auto","background-attachment":"scroll","background-type":"","background-media":"","overlay-type":"","overlay-color":"","overlay-gradient":""},"mobile":{"background-color":"var(--ast-global-color-5)","background-image":"","background-repeat":"repeat","background-position":"center center","background-size":"auto","background-attachment":"scroll","background-type":"","background-media":"","overlay-type":"","overlay-color":"","overlay-gradient":""}},"footnotes":""},"class_list":["post-355","page","type-page","status-publish","hentry"],"acf":[],"_links":{"self":[{"href":"https:\/\/ferrex.cl\/index.php\/wp-json\/wp\/v2\/pages\/355","targetHints":{"allow":["GET"]}}],"collection":[{"href":"https:\/\/ferrex.cl\/index.php\/wp-json\/wp\/v2\/pages"}],"about":[{"href":"https:\/\/ferrex.cl\/index.php\/wp-json\/wp\/v2\/types\/page"}],"author":[{"embeddable":true,"href":"https:\/\/ferrex.cl\/index.php\/wp-json\/wp\/v2\/users\/1"}],"replies":[{"embeddable":true,"href":"https:\/\/ferrex.cl\/index.php\/wp-json\/wp\/v2\/comments?post=355"}],"version-history":[{"count":7,"href":"https:\/\/ferrex.cl\/index.php\/wp-json\/wp\/v2\/pages\/355\/revisions"}],"predecessor-version":[{"id":393,"href":"https:\/\/ferrex.cl\/index.php\/wp-json\/wp\/v2\/pages\/355\/revisions\/393"}],"wp:attachment":[{"href":"https:\/\/ferrex.cl\/index.php\/wp-json\/wp\/v2\/media?parent=355"}],"curies":[{"name":"wp","href":"https:\/\/api.w.org\/{rel}","templated":true}]}}