{"id":343,"date":"2022-03-24T11:07:04","date_gmt":"2022-03-24T14:07:04","guid":{"rendered":"https:\/\/ferrex.cl\/?page_id=343"},"modified":"2022-03-24T12:02:05","modified_gmt":"2022-03-24T15:02:05","slug":"termopanel-blindex","status":"publish","type":"page","link":"https:\/\/ferrex.cl\/index.php\/termopanel-blindex\/","title":{"rendered":"Termopanel Blindex"},"content":{"rendered":"\t\t<div data-elementor-type=\"wp-page\" data-elementor-id=\"343\" class=\"elementor elementor-343\" data-elementor-post-type=\"page\">\n\t\t\t\t\t\t<section data-dce-background-overlay-color=\"#00000096\" data-dce-background-image-url=\"https:\/\/ferrex.cl\/wp-content\/uploads\/2022\/03\/safety2.jpg\" class=\"elementor-section elementor-top-section elementor-element elementor-element-40a8445 elementor-section-boxed elementor-section-height-default elementor-section-height-default\" data-id=\"40a8445\" data-element_type=\"section\" data-settings=\"{&quot;background_background&quot;:&quot;classic&quot;}\">\n\t\t\t\t\t\t\t<div class=\"elementor-background-overlay\"><\/div>\n\t\t\t\t\t\t\t<div class=\"elementor-container elementor-column-gap-default\">\n\t\t\t\t\t<div class=\"elementor-column elementor-col-100 elementor-top-column elementor-element elementor-element-78bf661\" data-id=\"78bf661\" data-element_type=\"column\">\n\t\t\t<div class=\"elementor-widget-wrap elementor-element-populated\">\n\t\t\t\t\t\t<div class=\"elementor-element elementor-element-1b0c190 elementor-widget elementor-widget-spacer\" data-id=\"1b0c190\" data-element_type=\"widget\" data-widget_type=\"spacer.default\">\n\t\t\t\t<div class=\"elementor-widget-container\">\n\t\t\t\t\t<div class=\"elementor-spacer\">\n\t\t\t<div class=\"elementor-spacer-inner\"><\/div>\n\t\t<\/div>\n\t\t\t\t<\/div>\n\t\t\t\t<\/div>\n\t\t\t\t<div class=\"elementor-element elementor-element-9cfc054 elementor-widget elementor-widget-heading\" data-id=\"9cfc054\" data-element_type=\"widget\" data-widget_type=\"heading.default\">\n\t\t\t\t<div class=\"elementor-widget-container\">\n\t\t\t<h2 class=\"elementor-heading-title elementor-size-default\">Termopanel Ac\u00fastico<\/h2>\t\t<\/div>\n\t\t\t\t<\/div>\n\t\t\t\t<div class=\"elementor-element elementor-element-fdc4826 elementor-widget elementor-widget-heading\" data-id=\"fdc4826\" data-element_type=\"widget\" data-widget_type=\"heading.default\">\n\t\t\t\t<div class=\"elementor-widget-container\">\n\t\t\t<h2 class=\"elementor-heading-title elementor-size-default\">Seguridad para tu hogar<\/h2>\t\t<\/div>\n\t\t\t\t<\/div>\n\t\t\t\t\t<\/div>\n\t\t<\/div>\n\t\t\t\t\t<\/div>\n\t\t<\/section>\n\t\t\t\t<section data-dce-background-color=\"#000000\" class=\"elementor-section elementor-top-section elementor-element elementor-element-42155e6 elementor-section-boxed elementor-section-height-default elementor-section-height-default\" data-id=\"42155e6\" data-element_type=\"section\" data-settings=\"{&quot;background_background&quot;:&quot;classic&quot;}\">\n\t\t\t\t\t\t<div class=\"elementor-container elementor-column-gap-default\">\n\t\t\t\t\t<div class=\"elementor-column elementor-col-33 elementor-top-column elementor-element elementor-element-23f608c\" data-id=\"23f608c\" data-element_type=\"column\">\n\t\t\t<div class=\"elementor-widget-wrap elementor-element-populated\">\n\t\t\t\t\t\t<div class=\"elementor-element elementor-element-927c9b0 elementor-widget elementor-widget-heading\" data-id=\"927c9b0\" data-element_type=\"widget\" data-widget_type=\"heading.default\">\n\t\t\t\t<div class=\"elementor-widget-container\">\n\t\t\t<h2 class=\"elementor-heading-title elementor-size-default\">Ahora puedes realizar tu pago seguro con <b>WEBPAY.CL<\/b> desde nuestro sitio web<\/h2>\t\t<\/div>\n\t\t\t\t<\/div>\n\t\t\t\t\t<\/div>\n\t\t<\/div>\n\t\t\t\t<div class=\"elementor-column elementor-col-33 elementor-top-column elementor-element elementor-element-f23f314\" data-id=\"f23f314\" data-element_type=\"column\">\n\t\t\t<div class=\"elementor-widget-wrap elementor-element-populated\">\n\t\t\t\t\t\t<section data-dce-background-color=\"#FFFFFF\" class=\"elementor-section elementor-inner-section elementor-element elementor-element-c1e77af elementor-section-boxed elementor-section-height-default elementor-section-height-default\" data-id=\"c1e77af\" data-element_type=\"section\" data-settings=\"{&quot;background_background&quot;:&quot;classic&quot;}\">\n\t\t\t\t\t\t<div class=\"elementor-container elementor-column-gap-default\">\n\t\t\t\t\t<div class=\"elementor-column elementor-col-100 elementor-inner-column elementor-element elementor-element-75a6948\" data-id=\"75a6948\" data-element_type=\"column\">\n\t\t\t<div class=\"elementor-widget-wrap elementor-element-populated\">\n\t\t\t\t\t\t<div class=\"elementor-element elementor-element-282c425 dce_masking-none elementor-widget elementor-widget-image\" data-id=\"282c425\" data-element_type=\"widget\" data-widget_type=\"image.default\">\n\t\t\t\t<div class=\"elementor-widget-container\">\n\t\t\t\t\t\t\t\t\t\t\t\t\t<img fetchpriority=\"high\" decoding=\"async\" width=\"813\" height=\"236\" src=\"https:\/\/ferrex.cl\/wp-content\/uploads\/2022\/03\/logo-webpay-cl-n.png\" class=\"attachment-large size-large wp-image-381\" alt=\"\" srcset=\"https:\/\/ferrex.cl\/wp-content\/uploads\/2022\/03\/logo-webpay-cl-n.png 813w, https:\/\/ferrex.cl\/wp-content\/uploads\/2022\/03\/logo-webpay-cl-n-500x145.png 500w, https:\/\/ferrex.cl\/wp-content\/uploads\/2022\/03\/logo-webpay-cl-n-300x87.png 300w, https:\/\/ferrex.cl\/wp-content\/uploads\/2022\/03\/logo-webpay-cl-n-768x223.png 768w\" sizes=\"(max-width: 813px) 100vw, 813px\" \/>\t\t\t\t\t\t\t\t\t\t\t\t\t<\/div>\n\t\t\t\t<\/div>\n\t\t\t\t\t<\/div>\n\t\t<\/div>\n\t\t\t\t\t<\/div>\n\t\t<\/section>\n\t\t\t\t\t<\/div>\n\t\t<\/div>\n\t\t\t\t<div class=\"elementor-column elementor-col-33 elementor-top-column elementor-element elementor-element-ebbf36d\" data-id=\"ebbf36d\" data-element_type=\"column\">\n\t\t\t<div class=\"elementor-widget-wrap elementor-element-populated\">\n\t\t\t\t\t\t<div class=\"elementor-element elementor-element-9cd348b elementor-align-center elementor-widget elementor-widget-button\" data-id=\"9cd348b\" data-element_type=\"widget\" data-widget_type=\"button.default\">\n\t\t\t\t<div class=\"elementor-widget-container\">\n\t\t\t\t\t\t\t<div class=\"elementor-button-wrapper\">\n\t\t\t\t\t<a class=\"elementor-button elementor-button-link elementor-size-sm\" href=\"https:\/\/www.webpay.cl\/portalpagodirecto\/pages\/institucion.jsf?idEstablecimiento=99133282&#038;utm_source=transbank&#038;utm_medium=portal3.0&#038;utm_campaign=link_portal\">\n\t\t\t\t\t\t<span class=\"elementor-button-content-wrapper\">\n\t\t\t\t\t\t\t\t\t<span class=\"elementor-button-text\">Pago en Linea<\/span>\n\t\t\t\t\t<\/span>\n\t\t\t\t\t<\/a>\n\t\t\t\t<\/div>\n\t\t\t\t\t\t<\/div>\n\t\t\t\t<\/div>\n\t\t\t\t\t<\/div>\n\t\t<\/div>\n\t\t\t\t\t<\/div>\n\t\t<\/section>\n\t\t\t\t<section class=\"elementor-section elementor-top-section elementor-element elementor-element-7e76c70 elementor-section-boxed elementor-section-height-default elementor-section-height-default\" data-id=\"7e76c70\" data-element_type=\"section\">\n\t\t\t\t\t\t<div class=\"elementor-container elementor-column-gap-default\">\n\t\t\t\t\t<div class=\"elementor-column elementor-col-50 elementor-top-column elementor-element elementor-element-aa0f264\" data-id=\"aa0f264\" data-element_type=\"column\">\n\t\t\t<div class=\"elementor-widget-wrap elementor-element-populated\">\n\t\t\t\t\t\t<div class=\"elementor-element elementor-element-a4c8d5f dce_masking-none elementor-widget elementor-widget-image\" data-id=\"a4c8d5f\" data-element_type=\"widget\" data-widget_type=\"image.default\">\n\t\t\t\t<div class=\"elementor-widget-container\">\n\t\t\t\t\t\t\t\t\t\t\t\t\t<img decoding=\"async\" width=\"654\" height=\"319\" src=\"https:\/\/ferrex.cl\/wp-content\/uploads\/2022\/03\/safety-logo.jpg\" class=\"attachment-large size-large wp-image-347\" alt=\"\" srcset=\"https:\/\/ferrex.cl\/wp-content\/uploads\/2022\/03\/safety-logo.jpg 654w, https:\/\/ferrex.cl\/wp-content\/uploads\/2022\/03\/safety-logo-500x244.jpg 500w, https:\/\/ferrex.cl\/wp-content\/uploads\/2022\/03\/safety-logo-300x146.jpg 300w\" sizes=\"(max-width: 654px) 100vw, 654px\" \/>\t\t\t\t\t\t\t\t\t\t\t\t\t<\/div>\n\t\t\t\t<\/div>\n\t\t\t\t\t<\/div>\n\t\t<\/div>\n\t\t\t\t<div class=\"elementor-column elementor-col-50 elementor-top-column elementor-element elementor-element-1dfce7e\" data-id=\"1dfce7e\" data-element_type=\"column\">\n\t\t\t<div class=\"elementor-widget-wrap elementor-element-populated\">\n\t\t\t\t\t\t<div class=\"elementor-element elementor-element-7bff6a0 elementor-widget elementor-widget-heading\" data-id=\"7bff6a0\" data-element_type=\"widget\" data-widget_type=\"heading.default\">\n\t\t\t\t<div class=\"elementor-widget-container\">\n\t\t\t<h3 class=\"elementor-heading-title elementor-size-default\"><b>Termopanel Blindex Ac\u00fastico<\/b> formado por un cristal laminado Blindex y un cristal com\u00fan. <\/h3>\t\t<\/div>\n\t\t\t\t<\/div>\n\t\t\t\t<div class=\"elementor-element elementor-element-560767a elementor-widget elementor-widget-text-editor\" data-id=\"560767a\" data-element_type=\"widget\" data-widget_type=\"text-editor.default\">\n\t\t\t\t<div class=\"elementor-widget-container\">\n\t\t\t\t\t\t\t<p>La seguridad que brinda Termopanel Blindex se debe a que incluye un cristal laminado Blindex, formado por dos vidrios unidos con polivinil butiral (PVB), pol\u00edmero de alta resistencia el\u00e1stica. En caso de rotura los trozos de vidrio quedan adheridos a la inter l\u00e1mina de PVB, impidiendo su desprendimiento y ca\u00edda, manteniendo el conjunto dentro del marco y sin interrumpir la visi\u00f3n.<\/p>\t\t\t\t\t\t<\/div>\n\t\t\t\t<\/div>\n\t\t\t\t\t<\/div>\n\t\t<\/div>\n\t\t\t\t\t<\/div>\n\t\t<\/section>\n\t\t\t\t<section data-dce-background-color=\"#FFFFFF\" class=\"elementor-section elementor-top-section elementor-element elementor-element-381810b elementor-section-boxed elementor-section-height-default elementor-section-height-default\" data-id=\"381810b\" data-element_type=\"section\" data-settings=\"{&quot;background_background&quot;:&quot;classic&quot;}\">\n\t\t\t\t\t\t<div class=\"elementor-container elementor-column-gap-default\">\n\t\t\t\t\t<div class=\"elementor-column elementor-col-33 elementor-top-column elementor-element elementor-element-f4145fc\" data-id=\"f4145fc\" data-element_type=\"column\">\n\t\t\t<div class=\"elementor-widget-wrap elementor-element-populated\">\n\t\t\t\t\t\t<div class=\"elementor-element elementor-element-3d071ea elementor-widget elementor-widget-text-editor\" data-id=\"3d071ea\" data-element_type=\"widget\" data-widget_type=\"text-editor.default\">\n\t\t\t\t<div class=\"elementor-widget-container\">\n\t\t\t\t\t\t\t<p class=\"right-column subtitulo\">Es ideal para evitar robos y actos de vandalismo , evitar la ca\u00edda de personas u objetos al vac\u00edo, para pa\u00f1os fijos que puedan ser confundidos con puertas, cristales inclinados situados en \u00e1reas de riesgo, para minimizar las consecuencias de terremotos y explosiones.<\/p><p class=\"right-column parrafo\">Los accidentes con vidrio suelen tener consecuencias graves. Seg\u00fan la Norma Chilena 135 sobre Vidrios de Seguridad, todas las \u00e1reas de riesgo deben incluir un vidrio de seguridad.<\/p>\t\t\t\t\t\t<\/div>\n\t\t\t\t<\/div>\n\t\t\t\t\t<\/div>\n\t\t<\/div>\n\t\t\t\t<div class=\"elementor-column elementor-col-33 elementor-top-column elementor-element elementor-element-34b2e5e\" data-id=\"34b2e5e\" data-element_type=\"column\">\n\t\t\t<div class=\"elementor-widget-wrap elementor-element-populated\">\n\t\t\t\t\t\t<div class=\"elementor-element elementor-element-4f049cb dce_masking-none elementor-widget elementor-widget-image\" data-id=\"4f049cb\" data-element_type=\"widget\" data-widget_type=\"image.default\">\n\t\t\t\t<div class=\"elementor-widget-container\">\n\t\t\t\t\t\t\t\t\t\t\t\t\t<img decoding=\"async\" width=\"380\" height=\"356\" src=\"https:\/\/ferrex.cl\/wp-content\/uploads\/2022\/03\/safety-img-2.jpg\" class=\"attachment-large size-large wp-image-345\" alt=\"\" srcset=\"https:\/\/ferrex.cl\/wp-content\/uploads\/2022\/03\/safety-img-2.jpg 380w, https:\/\/ferrex.cl\/wp-content\/uploads\/2022\/03\/safety-img-2-300x281.jpg 300w\" sizes=\"(max-width: 380px) 100vw, 380px\" \/>\t\t\t\t\t\t\t\t\t\t\t\t\t<\/div>\n\t\t\t\t<\/div>\n\t\t\t\t\t<\/div>\n\t\t<\/div>\n\t\t\t\t<div class=\"elementor-column elementor-col-33 elementor-top-column elementor-element elementor-element-d48a046\" data-id=\"d48a046\" data-element_type=\"column\">\n\t\t\t<div class=\"elementor-widget-wrap elementor-element-populated\">\n\t\t\t\t\t\t<div class=\"elementor-element elementor-element-306cc97 dce_masking-none elementor-widget elementor-widget-image\" data-id=\"306cc97\" data-element_type=\"widget\" data-widget_type=\"image.default\">\n\t\t\t\t<div class=\"elementor-widget-container\">\n\t\t\t\t\t\t\t\t\t\t\t\t\t<img loading=\"lazy\" decoding=\"async\" width=\"380\" height=\"356\" src=\"https:\/\/ferrex.cl\/wp-content\/uploads\/2022\/03\/safety-img-1.jpg\" class=\"attachment-large size-large wp-image-346\" alt=\"\" srcset=\"https:\/\/ferrex.cl\/wp-content\/uploads\/2022\/03\/safety-img-1.jpg 380w, https:\/\/ferrex.cl\/wp-content\/uploads\/2022\/03\/safety-img-1-300x281.jpg 300w\" sizes=\"(max-width: 380px) 100vw, 380px\" \/>\t\t\t\t\t\t\t\t\t\t\t\t\t<\/div>\n\t\t\t\t<\/div>\n\t\t\t\t\t<\/div>\n\t\t<\/div>\n\t\t\t\t\t<\/div>\n\t\t<\/section>\n\t\t\t\t<section class=\"elementor-section elementor-top-section elementor-element elementor-element-9b88587 elementor-section-boxed elementor-section-height-default elementor-section-height-default\" data-id=\"9b88587\" data-element_type=\"section\">\n\t\t\t\t\t\t<div class=\"elementor-container elementor-column-gap-default\">\n\t\t\t\t\t<div class=\"elementor-column elementor-col-100 elementor-top-column elementor-element elementor-element-922b796\" data-id=\"922b796\" data-element_type=\"column\">\n\t\t\t<div class=\"elementor-widget-wrap elementor-element-populated\">\n\t\t\t\t\t\t<section data-dce-background-color=\"#E4E4E4\" class=\"elementor-section elementor-inner-section elementor-element elementor-element-6e8e32f elementor-section-boxed elementor-section-height-default elementor-section-height-default\" data-id=\"6e8e32f\" data-element_type=\"section\" data-settings=\"{&quot;background_background&quot;:&quot;classic&quot;}\">\n\t\t\t\t\t\t<div class=\"elementor-container elementor-column-gap-default\">\n\t\t\t\t\t<div class=\"elementor-column elementor-col-100 elementor-inner-column elementor-element elementor-element-b602497\" data-id=\"b602497\" data-element_type=\"column\">\n\t\t\t<div class=\"elementor-widget-wrap elementor-element-populated\">\n\t\t\t\t\t\t<div class=\"elementor-element elementor-element-213c295 elementor-widget elementor-widget-heading\" data-id=\"213c295\" data-element_type=\"widget\" data-widget_type=\"heading.default\">\n\t\t\t\t<div class=\"elementor-widget-container\">\n\t\t\t<h2 class=\"elementor-heading-title elementor-size-default\">Beneficios<\/h2>\t\t<\/div>\n\t\t\t\t<\/div>\n\t\t\t\t<div class=\"elementor-element elementor-element-b41cf2f elementor-widget elementor-widget-text-editor\" data-id=\"b41cf2f\" data-element_type=\"widget\" data-widget_type=\"text-editor.default\">\n\t\t\t\t<div class=\"elementor-widget-container\">\n\t\t\t\t\t\t\t<ul>\n \t<li><b>Seguridad para las personas:<\/b> Los accidentes con vidrios suelen tener consecuencias graves. Por este motivo es importan\u00acte prevenir toda situaci\u00f3n que pueda generar un accidente.<\/li>\n \t<li><b>Seguridad Antivandalismo:<\/b> Ante entradas violentas con una serie de armas de mano como martillos, palancas y ladrillos, el Cristal Termopanel Blindex se comporta como una barrera invisible ante estos incidentes. Adem\u00e1s, el cristal no se puede cortar desde un solo lado, lo que hace in\u00fatil el uso de una herramienta de corte como elemento de robo. Si el cristal se llegara a romper, los pedazos de cristal quebrado quedan adheridos al PVB, lo que hace pr\u00e1cticamente imposible el ingreso de intrusos a la propiedad.<\/li>\n \t<li><b>Control UV:<\/b> El PVB posee la propiedad de filtrar el 99% de los rayos ultra violeta, radiaci\u00f3n considerada como principal causante de decoloraciones y envejecimiento del mobiliario interior<\/li>\n<\/ul>\t\t\t\t\t\t<\/div>\n\t\t\t\t<\/div>\n\t\t\t\t\t<\/div>\n\t\t<\/div>\n\t\t\t\t\t<\/div>\n\t\t<\/section>\n\t\t\t\t\t<\/div>\n\t\t<\/div>\n\t\t\t\t\t<\/div>\n\t\t<\/section>\n\t\t\t\t<\/div>\n\t\t","protected":false},"excerpt":{"rendered":"<p>Termopanel Ac\u00fastico Seguridad para tu hogar Ahora puedes realizar tu pago seguro con WEBPAY.CL desde nuestro sitio web Pago en Linea Termopanel Blindex Ac\u00fastico formado por un cristal laminado Blindex y un cristal com\u00fan. La seguridad que brinda Termopanel Blindex se debe a que incluye un cristal laminado Blindex, formado por dos vidrios unidos con [&hellip;]<\/p>\n","protected":false},"author":1,"featured_media":0,"parent":0,"menu_order":0,"comment_status":"closed","ping_status":"closed","template":"","meta":{"_acf_changed":false,"site-sidebar-layout":"no-sidebar","site-content-layout":"page-builder","ast-site-content-layout":"","site-content-style":"default","site-sidebar-style":"default","ast-global-header-display":"","ast-banner-title-visibility":"","ast-main-header-display":"","ast-hfb-above-header-display":"","ast-hfb-below-header-display":"","ast-hfb-mobile-header-display":"","site-post-title":"disabled","ast-breadcrumbs-content":"","ast-featured-img":"disabled","footer-sml-layout":"","theme-transparent-header-meta":"","adv-header-id-meta":"","stick-header-meta":"","header-above-stick-meta":"","header-main-stick-meta":"","header-below-stick-meta":"","astra-migrate-meta-layouts":"default","ast-page-background-enabled":"default","ast-page-background-meta":{"desktop":{"background-color":"var(--ast-global-color-4)","background-image":"","background-repeat":"repeat","background-position":"center center","background-size":"auto","background-attachment":"scroll","background-type":"","background-media":"","overlay-type":"","overlay-color":"","overlay-gradient":""},"tablet":{"background-color":"","background-image":"","background-repeat":"repeat","background-position":"center center","background-size":"auto","background-attachment":"scroll","background-type":"","background-media":"","overlay-type":"","overlay-color":"","overlay-gradient":""},"mobile":{"background-color":"","background-image":"","background-repeat":"repeat","background-position":"center center","background-size":"auto","background-attachment":"scroll","background-type":"","background-media":"","overlay-type":"","overlay-color":"","overlay-gradient":""}},"ast-content-background-meta":{"desktop":{"background-color":"var(--ast-global-color-5)","background-image":"","background-repeat":"repeat","background-position":"center center","background-size":"auto","background-attachment":"scroll","background-type":"","background-media":"","overlay-type":"","overlay-color":"","overlay-gradient":""},"tablet":{"background-color":"var(--ast-global-color-5)","background-image":"","background-repeat":"repeat","background-position":"center center","background-size":"auto","background-attachment":"scroll","background-type":"","background-media":"","overlay-type":"","overlay-color":"","overlay-gradient":""},"mobile":{"background-color":"var(--ast-global-color-5)","background-image":"","background-repeat":"repeat","background-position":"center center","background-size":"auto","background-attachment":"scroll","background-type":"","background-media":"","overlay-type":"","overlay-color":"","overlay-gradient":""}},"footnotes":""},"class_list":["post-343","page","type-page","status-publish","hentry"],"acf":[],"_links":{"self":[{"href":"https:\/\/ferrex.cl\/index.php\/wp-json\/wp\/v2\/pages\/343","targetHints":{"allow":["GET"]}}],"collection":[{"href":"https:\/\/ferrex.cl\/index.php\/wp-json\/wp\/v2\/pages"}],"about":[{"href":"https:\/\/ferrex.cl\/index.php\/wp-json\/wp\/v2\/types\/page"}],"author":[{"embeddable":true,"href":"https:\/\/ferrex.cl\/index.php\/wp-json\/wp\/v2\/users\/1"}],"replies":[{"embeddable":true,"href":"https:\/\/ferrex.cl\/index.php\/wp-json\/wp\/v2\/comments?post=343"}],"version-history":[{"count":10,"href":"https:\/\/ferrex.cl\/index.php\/wp-json\/wp\/v2\/pages\/343\/revisions"}],"predecessor-version":[{"id":404,"href":"https:\/\/ferrex.cl\/index.php\/wp-json\/wp\/v2\/pages\/343\/revisions\/404"}],"wp:attachment":[{"href":"https:\/\/ferrex.cl\/index.php\/wp-json\/wp\/v2\/media?parent=343"}],"curies":[{"name":"wp","href":"https:\/\/api.w.org\/{rel}","templated":true}]}}